{"id":10,"date":"2025-12-01T13:04:21","date_gmt":"2025-12-01T13:04:21","guid":{"rendered":"https:\/\/coteinteriorismo.com\/?page_id=10"},"modified":"2025-12-03T09:20:14","modified_gmt":"2025-12-03T09:20:14","slug":"inicio","status":"publish","type":"page","link":"https:\/\/coteinteriorismo.com\/","title":{"rendered":""},"content":{"rendered":"\n<p>Estamos mejorando la web. Muy pronto estaremos de vuelta.<\/p>\n\n\n\n<hr class=\"wp-block-separator has-alpha-channel-opacity is-style-wide\"\/>\n\n\n\n<p>Somos especialistas en Mid Century, dise\u00f1o n\u00f3rdico y mediterr\u00e1neo. Trabajamos en Espa\u00f1a y Francia. <\/p>\n\n\n\n<figure class=\"wp-block-image size-full is-resized\"><img loading=\"lazy\" decoding=\"async\" width=\"450\" height=\"450\" src=\"https:\/\/coteinteriorismo.com\/wp-content\/uploads\/2025\/12\/logo_cote_3-1.png\" alt=\"\" class=\"wp-image-63\" style=\"width:152px;height:auto\" srcset=\"https:\/\/coteinteriorismo.com\/wp-content\/uploads\/2025\/12\/logo_cote_3-1.png 450w, https:\/\/coteinteriorismo.com\/wp-content\/uploads\/2025\/12\/logo_cote_3-1-300x300.png 300w, https:\/\/coteinteriorismo.com\/wp-content\/uploads\/2025\/12\/logo_cote_3-1-150x150.png 150w, https:\/\/coteinteriorismo.com\/wp-content\/uploads\/2025\/12\/logo_cote_3-1-100x100.png 100w\" sizes=\"auto, (max-width: 450px) 100vw, 450px\" \/><\/figure>\n","protected":false},"excerpt":{"rendered":"<p>Estamos mejorando la web. Muy pronto estaremos de vuelta. Somos especialistas en Mid Century, dise\u00f1o n\u00f3rdico y mediterr\u00e1neo. Trabajamos en Espa\u00f1a y Francia.<\/p>\n","protected":false},"author":1,"featured_media":0,"parent":0,"menu_order":0,"comment_status":"closed","ping_status":"closed","template":"","meta":{"footnotes":""},"class_list":["post-10","page","type-page","status-publish","hentry"],"_links":{"self":[{"href":"https:\/\/coteinteriorismo.com\/index.php?rest_route=\/wp\/v2\/pages\/10","targetHints":{"allow":["GET"]}}],"collection":[{"href":"https:\/\/coteinteriorismo.com\/index.php?rest_route=\/wp\/v2\/pages"}],"about":[{"href":"https:\/\/coteinteriorismo.com\/index.php?rest_route=\/wp\/v2\/types\/page"}],"author":[{"embeddable":true,"href":"https:\/\/coteinteriorismo.com\/index.php?rest_route=\/wp\/v2\/users\/1"}],"replies":[{"embeddable":true,"href":"https:\/\/coteinteriorismo.com\/index.php?rest_route=%2Fwp%2Fv2%2Fcomments&post=10"}],"version-history":[{"count":6,"href":"https:\/\/coteinteriorismo.com\/index.php?rest_route=\/wp\/v2\/pages\/10\/revisions"}],"predecessor-version":[{"id":65,"href":"https:\/\/coteinteriorismo.com\/index.php?rest_route=\/wp\/v2\/pages\/10\/revisions\/65"}],"wp:attachment":[{"href":"https:\/\/coteinteriorismo.com\/index.php?rest_route=%2Fwp%2Fv2%2Fmedia&parent=10"}],"curies":[{"name":"wp","href":"https:\/\/api.w.org\/{rel}","templated":true}]}}